{"id":1365,"date":"2020-01-21T10:20:48","date_gmt":"2020-01-21T09:20:48","guid":{"rendered":"https:\/\/labhamburg.de\/wp\/?page_id=1365"},"modified":"2026-04-13T15:45:07","modified_gmt":"2026-04-13T13:45:07","slug":"eimsbuettel","status":"publish","type":"page","link":"https:\/\/labhamburg.de\/?page_id=1365","title":{"rendered":"Eimsb\u00fcttel"},"content":{"rendered":"<div id='av_section_1'  class='avia-section main_color avia-section-default avia-no-border-styling  avia-full-stretch avia-bg-style-scroll  avia-builder-el-0  el_before_av_three_fifth  avia-builder-el-first   av-minimum-height av-minimum-height-custom  container_wrap sidebar_right' style='background-repeat: no-repeat; background-image: url(https:\/\/labhamburg.de\/wp-content\/uploads\/2020\/01\/eimsbuettel_big_IMG_0325-1500x430.jpg);background-attachment: scroll; background-position: bottom left;  '  data-section-bg-repeat='stretch'><div class='container' style='height:280px'><main  role=\"main\" itemprop=\"mainContentOfPage\"  class='template-page content  av-content-small alpha units'><div class='post-entry post-entry-type-page post-entry-1365'><div class='entry-content-wrapper clearfix'><\/div><\/div><\/main><!-- close content main element --><\/div><\/div><div id='after_section_1'  class='main_color av_default_container_wrap container_wrap sidebar_right' style=' '  ><div class='container' ><div class='template-page content  av-content-small alpha units'><div class='post-entry post-entry-type-page post-entry-1365'><div class='entry-content-wrapper clearfix'>\n<div class='flex_column_table av-equal-height-column-flextable -flextable' style='margin-top:-90px; margin-bottom:0px; box-shadow: 0 0 2px 0 #ad9269; '><div class=\"flex_column av_three_fifth  no_margin flex_column_table_cell av-equal-height-column av-align-top first  avia-builder-el-1  el_after_av_section  el_before_av_two_fifth  avia-builder-el-first  \" style='background: #ffffff; padding:30px; background-color:#ffffff; border-radius:0px; '><p><div  style='padding-bottom:0px; font-size:30px;' class='av-special-heading av-special-heading-h3  blockquote modern-quote modern-centered  avia-builder-el-2  el_before_av_hr  avia-builder-el-first  av-inherit-size '><h3 class='av-special-heading-tag '  itemprop=\"headline\"  >Treffpunkt Eimsb\u00fcttel<\/h3><div class ='av-subheading av-subheading_below  ' style='font-size:13px;'><p>Der Treffpunkt befindet sich im bekannten Stadtteilzentrum Hamburg-Haus mit der angrenzenden B\u00fccherhalle am Rande des sch\u00f6nen Wehbers Parks.<\/p>\n<\/div><div class='special-heading-border'><div class='special-heading-inner-border' ><\/div><\/div><\/div><br \/>\n<div  style=' margin-top:30px; margin-bottom:30px;'  class='hr hr-custom hr-center hr-icon-yes   avia-builder-el-3  el_after_av_heading  el_before_av_textblock '><span class='hr-inner   inner-border-av-border-thin' style=' width:20%;' ><span class='hr-inner-style'><\/span><\/span><span class='av-seperator-icon'  aria-hidden='true' data-av_icon='\ue8bf' data-av_iconfont='entypo-fontello'><\/span><span class='hr-inner   inner-border-av-border-thin' style=' width:20%;' ><span class='hr-inner-style'><\/span><\/span><\/div><br \/>\n<section class=\"av_textblock_section \"  itemscope=\"itemscope\" itemtype=\"https:\/\/schema.org\/CreativeWork\" ><div class='avia_textblock  '  style='font-size:13px; '  itemprop=\"text\" ><p>Durch die verkehrsg\u00fcnstige Anbindung an den U-Bahnhof oder die Metrobusse ist der Treffpunkt sehr leicht zu erreichen.<\/p>\n<p>Unsere G\u00e4ste sch\u00e4tzen besonders die lichtdurchfluteten R\u00e4ume zum gem\u00fctlichen Geselligkeitstreffen, in denen wir auch ein vielseitiges Angebot pr\u00e4sentieren. Besonders hervorzuheben sind die diversen Computerkurse f\u00fcr Einsteiger bis Fortgeschrittene. Wer einfach nur surfen mag, kann dies auch in dem Internet-Caf\u00e9 tun.<\/p>\n<p>Zu dem Angebot des Treffpunkts geh\u00f6ren dar\u00fcberhinaus: ein Literaturkreis, Englisch Konversation, Ged\u00e4chtnistraining, Achtsamkeitstraining, Schach, Skat, Bridge, Stricken, N\u00e4hen, Yoga, Tanzen 60+ und ein Tablet- und Smartphonekurs.<\/p>\n<\/div><\/section><br \/>\n<div  style='height:50px' class='hr hr-invisible   avia-builder-el-5  el_after_av_textblock  el_before_av_textblock '><span class='hr-inner ' ><span class='hr-inner-style'><\/span><\/span><\/div><br \/>\n<section class=\"av_textblock_section \"  itemscope=\"itemscope\" itemtype=\"https:\/\/schema.org\/CreativeWork\" ><div class='avia_textblock  '   itemprop=\"text\" ><h3><a href=\"https:\/\/labhamburg.de\/wp\/?page_id=1365\">LAB Treffpunkt Eimsb\u00fcttel<\/a><\/h3>\n<p>Doormannsweg 12, 20259 Hamburg<\/p>\n<p><strong><em> 040 &#8211; 287 84 317 &#8211;<\/em> aufgrund der Sanierungsma\u00dfnahme nicht in Betrieb<\/strong><\/p>\n<p><em> eimsbuettel(at)labhamburg.de<\/em><\/p>\n<\/div><\/section><br \/>\n<section class=\"av_textblock_section \"  itemscope=\"itemscope\" itemtype=\"https:\/\/schema.org\/CreativeWork\" ><div class='avia_textblock  '   itemprop=\"text\" ><h4>Ansprechpartner &#038; Sprechzeiten:<\/h4>\n<p><strong>Treffpunktleitung:<\/strong>\u00a0 Irene Wagner<br \/>\n<strong>Sprechzeiten:<\/strong> Mittwoch 13 &#8211; 15.30 Uhr<\/p>\n<h4><strong>B\u00fcrozeiten:\u00a0<\/strong><\/h4>\n<p>Mo.\u00a0 \u00a0 \u00a0 \u00a0 momentan geschlossen<\/p>\n<p>Di.\u00a0 \u00a0 \u00a0 \u00a0 \u00a0 \u00a0momentan geschlossen<\/p>\n<p>Mi.\u00a0 \u00a0 \u00a0 \u00a0 \u00a0<strong> 13 &#8211; 15.00 Uhr &#8211; in der B\u00fccherhalle<\/strong><\/p>\n<p>Do.\u00a0 \u00a0 \u00a0 \u00a0 \u00a0 momentan geschlossen<\/p>\n<p>Fr.\u00a0 \u00a0 \u00a0 \u00a0 \u00a0 \u00a0momentan geschlossen<\/p>\n<h4><strong>\u00d6ffnungszeiten des Treffpunktes:<\/strong><\/h4>\n<p>Siehe Monatsprogramm<\/p>\n<\/div><\/section><\/p><\/div>\n<div class=\"flex_column av_two_fifth  no_margin flex_column_table_cell av-equal-height-column av-align-top   avia-builder-el-8  el_after_av_three_fifth  el_before_av_postcontent  avia-builder-el-last  \" style='background: rgba(255,255,255,0.88); padding:30px; background-color:rgba(255,255,255,0.88); border-radius:0px; '><section class=\"av_textblock_section \"  itemscope=\"itemscope\" itemtype=\"https:\/\/schema.org\/CreativeWork\" ><div class='avia_textblock  '   itemprop=\"text\" ><p style=\"text-align: left;\"><strong>Monatsprogramm Januar &#8211; Mai 2026<\/strong><\/p>\n<\/div><\/section><br \/>\n<div  class='avia-image-container  av-styling-    avia-builder-el-10  el_after_av_textblock  el_before_av_image  avia-align-center '  itemprop=\"image\" itemscope=\"itemscope\" itemtype=\"https:\/\/schema.org\/ImageObject\"  ><div class='avia-image-container-inner'><div class='avia-image-overlay-wrap'><a href='https:\/\/labhamburg.de\/wp-content\/uploads\/2026\/01\/Deckblatt-Januar-Mai-2026-1030x728.jpg' class='avia_image'  ><img class='avia_image ' src='https:\/\/labhamburg.de\/wp-content\/uploads\/2026\/01\/Deckblatt-Januar-Mai-2026-300x212.jpg' alt='' title='Deckblatt Januar - Mai 2026'  itemprop=\"thumbnailUrl\"  \/><\/a><\/div><\/div><\/div><br \/>\n<div  class='avia-image-container  av-styling-    avia-builder-el-11  el_after_av_image  el_before_av_textblock  avia-align-center '  itemprop=\"image\" itemscope=\"itemscope\" itemtype=\"https:\/\/schema.org\/ImageObject\"  ><div class='avia-image-container-inner'><div class='avia-image-overlay-wrap'><a href='https:\/\/labhamburg.de\/wp-content\/uploads\/2026\/01\/HH-Hs.-Jan.-Mai-2026-innen-S.-2-NEU-1030x728.jpg' class='avia_image'  ><img class='avia_image ' src='https:\/\/labhamburg.de\/wp-content\/uploads\/2026\/01\/HH-Hs.-Jan.-Mai-2026-innen-S.-2-NEU-300x212.jpg' alt='' title='HH-Hs. Jan.-Mai 2026 innen S. 2 NEU'  itemprop=\"thumbnailUrl\"  \/><\/a><\/div><\/div><\/div><br \/>\n<section class=\"av_textblock_section \"  itemscope=\"itemscope\" itemtype=\"https:\/\/schema.org\/CreativeWork\" ><div class='avia_textblock  '   itemprop=\"text\" ><p style=\"text-align: left;\"><strong>Monatsprogramm Mai\/Juni 2026<\/strong><\/p>\n<\/div><\/section><br \/>\n<div  class='avia-image-container  av-styling-    avia-builder-el-13  el_after_av_textblock  el_before_av_image  avia-align-center '  itemprop=\"image\" itemscope=\"itemscope\" itemtype=\"https:\/\/schema.org\/ImageObject\"  ><div class='avia-image-container-inner'><div class='avia-image-overlay-wrap'><a href='https:\/\/labhamburg.de\/wp-content\/uploads\/2026\/04\/HH-Hs.-Mai-2026-innen-S.-2-Kopie_Seite_2-1030x729.jpg' class='avia_image'  ><img class='avia_image ' src='https:\/\/labhamburg.de\/wp-content\/uploads\/2026\/04\/HH-Hs.-Mai-2026-innen-S.-2-Kopie_Seite_2-300x212.jpg' alt='' title='HH-Hs. Mai 2026 innen S. 2 -Kopie_Seite_2'  itemprop=\"thumbnailUrl\"  \/><\/a><\/div><\/div><\/div><br \/>\n<div  class='avia-image-container  av-styling-    avia-builder-el-14  el_after_av_image  el_before_av_textblock  avia-align-center '  itemprop=\"image\" itemscope=\"itemscope\" itemtype=\"https:\/\/schema.org\/ImageObject\"  ><div class='avia-image-container-inner'><div class='avia-image-overlay-wrap'><a href='https:\/\/labhamburg.de\/wp-content\/uploads\/2026\/04\/HH-Hs.-Mai-2026-innen-S.-2-Kopie_Seite_1-1-1030x728.jpg' class='avia_image'  ><img class='avia_image ' src='https:\/\/labhamburg.de\/wp-content\/uploads\/2026\/04\/HH-Hs.-Mai-2026-innen-S.-2-Kopie_Seite_1-1-300x212.jpg' alt='' title='HH-Hs. Mai 2026 innen S. 2 -Kopie_Seite_1'  itemprop=\"thumbnailUrl\"  \/><\/a><\/div><\/div><\/div><br \/>\n<section class=\"av_textblock_section \"  itemscope=\"itemscope\" itemtype=\"https:\/\/schema.org\/CreativeWork\" ><div class='avia_textblock  '   itemprop=\"text\" ><p style=\"text-align: left;\"><strong>Neuigkeiten\/Sonstiges:<br \/>\n<\/strong><\/p>\n<p>Die Sanierungsarbeiten der R\u00e4ume des LAB im HH-Haus sind im April abgeschlossen! Nach dem Einr\u00e4umen des Mobiliars und sollte nichts dazwischenkommen, k\u00f6nnen wir ab Mai\/Juni alle Angebote wieder in unseren altbekannten, aber sanierten R\u00e4umen stattffinden lassen. Einige \u00c4nderungen sind in Planung, daher bleiben Sie gespannt.<\/p>\n<p>Wir bedanken uns f\u00fcr Ihre Geduld!<\/p>\n<p>Wir suchen ab sofort auch Menschen, die Ihre Ideen und Hobbies in der Gemeinschaft umsetzen m\u00f6chten, z.B. ehrenamtliche Gruppenleitungen f\u00fcr vielf\u00e4ltige Angebote oder Gespr\u00e4chskreise oder Handarbeiten oder oder oder&#8230;<\/p>\n<p><strong>\u00a0<\/strong><\/p>\n<\/div><\/section><br \/>\n<br \/>\n<div  style=' margin-top:30px; margin-bottom:30px;'  class='hr hr-custom hr-center hr-icon-yes   avia-builder-el-17  el_after_av_image  el_before_av_heading '><span class='hr-inner   inner-border-av-border-thin' style=' width:30%; border-color:rgba(73,73,73,0.3);' ><span class='hr-inner-style'><\/span><\/span><span class='av-seperator-icon' style='color:rgba(73,73,73,0.3);' aria-hidden='true' data-av_icon='\ue8bf' data-av_iconfont='entypo-fontello'><\/span><span class='hr-inner   inner-border-av-border-thin' style=' width:30%; border-color:rgba(73,73,73,0.3);' ><span class='hr-inner-style'><\/span><\/span><\/div><br \/>\n<div  style='padding-bottom:0px; color:#020202;font-size:30px;' class='av-special-heading av-special-heading-h3 custom-color-heading blockquote modern-quote modern-centered  avia-builder-el-18  el_after_av_hr  el_before_av_hr  av-inherit-size '><h3 class='av-special-heading-tag '  itemprop=\"headline\"  >Schreiben Sie uns<\/h3><div class ='av-subheading av-subheading_below av_custom_color ' style='font-size:13px;'><p>Wir freuen uns auf Ihre Anfrage.<\/p>\n<\/div><div class='special-heading-border'><div class='special-heading-inner-border' style='border-color:#020202'><\/div><\/div><\/div><br \/>\n<div  style=' margin-top:30px; margin-bottom:30px;'  class='hr hr-custom hr-center hr-icon-yes   avia-builder-el-19  el_after_av_heading  el_before_av_contact '><span class='hr-inner   inner-border-av-border-thin' style=' width:30%; border-color:rgba(73,73,73,0.3);' ><span class='hr-inner-style'><\/span><\/span><span class='av-seperator-icon' style='color:rgba(73,73,73,0.3);' aria-hidden='true' data-av_icon='\ue8bf' data-av_iconfont='entypo-fontello'><\/span><span class='hr-inner   inner-border-av-border-thin' style=' width:30%; border-color:rgba(73,73,73,0.3);' ><span class='hr-inner-style'><\/span><\/span><\/div><br \/>\n<form action=\"https:\/\/labhamburg.de\/?page_id=1365\" method=\"post\"  class=\"avia_ajax_form av-form-labels-hidden   avia-builder-el-20  el_after_av_hr  avia-builder-el-last  av-centered-form  av-custom-form-color av-dark-form \" data-avia-form-id=\"1\" data-avia-redirect='' ><fieldset><p class='  first_form  form_element form_element_half' id='element_avia_1_1'><label for=\"avia_1_1\">Name <abbr class=\"required\" title=\"ben\u00f6tigt\">*<\/abbr><\/label> <input name=\"avia_1_1\" class=\"text_input is_empty\" type=\"text\" id=\"avia_1_1\" value=\"\"  placeholder='Name*'\/><\/p><p class='  form_element form_element_half' id='element_avia_2_1'><label for=\"avia_2_1\">Telefonnummer<\/label> <input name=\"avia_2_1\" class=\"text_input \" type=\"text\" id=\"avia_2_1\" value=\"\"  placeholder='Telefonnummer'\/><\/p><p class='  first_form  form_element form_element_half' id='element_avia_3_1'><label for=\"avia_3_1\">E-Mail <abbr class=\"required\" title=\"ben\u00f6tigt\">*<\/abbr><\/label> <input name=\"avia_3_1\" class=\"text_input is_email\" type=\"text\" id=\"avia_3_1\" value=\"\"  placeholder='E-Mail*'\/><\/p><p class='  first_form  form_element form_fullwidth av-last-visible-form-element' id='element_avia_4_1'><label for=\"avia_4_1\" class=\"textare_label hidden textare_label_avia_4_1\">Ihre Nachricht <abbr class=\"required\" title=\"ben\u00f6tigt\">*<\/abbr><\/label><textarea  placeholder='Ihre Nachricht*' name=\"avia_4_1\" class=\"text_area is_empty\" cols=\"40\" rows=\"7\" id=\"avia_4_1\" ><\/textarea><\/p><p class=\"hidden\"><input type=\"text\" name=\"avia_5_1\" class=\"hidden \" id=\"avia_5_1\" value=\"\" \/><\/p><p class=\"form_element \"><input type=\"hidden\" value=\"1\" name=\"avia_generated_form1\" \/><input type=\"submit\" value=\"Senden\" class=\"button\"  data-sending-label=\"Sende\"\/><\/p><\/fieldset><\/form><div id=\"ajaxresponse_1\" class=\"ajaxresponse ajaxresponse_1 hidden\"><\/div><\/p><\/div><\/div><!--close column table wrapper. Autoclose: 1 -->[av_section min_height='' min_height_pc='25' min_height_px='500px' padding='no-padding' custom_margin='0px' custom_margin_sync='true' color='header_color' background='bg_color' custom_bg='transparent' background_gradient_color1='' background_gradient_color2='' background_gradient_direction='vertical' src='https:\/\/labhamburg.de\/wp\/wp-content\/uploads\/2020\/02\/wave_gold-5.png' attachment='1657' attachment_size='full' attach='scroll' position='top left' repeat='stretch' video='' video_ratio='16:9' overlay_opacity='0.1' overlay_color='' overlay_pattern='custom' overlay_custom_pattern='' shadow='no-border-styling' bottom_border='no-border-styling' bottom_border_diagonal_color='#333333' bottom_border_diagonal_direction='' bottom_border_style='' custom_arrow_bg='' id='' custom_class='' aria_label='' av_element_hidden_in_editor='0' av_uid='av-k0okxlds'][\/av_section]\r\n\r\n<\/p>\n","protected":false},"excerpt":{"rendered":"","protected":false},"author":1,"featured_media":0,"parent":1821,"menu_order":0,"comment_status":"open","ping_status":"closed","template":"","meta":{"footnotes":""},"class_list":["post-1365","page","type-page","status-publish","hentry"],"_links":{"self":[{"href":"https:\/\/labhamburg.de\/index.php?rest_route=\/wp\/v2\/pages\/1365","targetHints":{"allow":["GET"]}}],"collection":[{"href":"https:\/\/labhamburg.de\/index.php?rest_route=\/wp\/v2\/pages"}],"about":[{"href":"https:\/\/labhamburg.de\/index.php?rest_route=\/wp\/v2\/types\/page"}],"author":[{"embeddable":true,"href":"https:\/\/labhamburg.de\/index.php?rest_route=\/wp\/v2\/users\/1"}],"replies":[{"embeddable":true,"href":"https:\/\/labhamburg.de\/index.php?rest_route=%2Fwp%2Fv2%2Fcomments&post=1365"}],"version-history":[{"count":208,"href":"https:\/\/labhamburg.de\/index.php?rest_route=\/wp\/v2\/pages\/1365\/revisions"}],"predecessor-version":[{"id":10357,"href":"https:\/\/labhamburg.de\/index.php?rest_route=\/wp\/v2\/pages\/1365\/revisions\/10357"}],"up":[{"embeddable":true,"href":"https:\/\/labhamburg.de\/index.php?rest_route=\/wp\/v2\/pages\/1821"}],"wp:attachment":[{"href":"https:\/\/labhamburg.de\/index.php?rest_route=%2Fwp%2Fv2%2Fmedia&parent=1365"}],"curies":[{"name":"wp","href":"https:\/\/api.w.org\/{rel}","templated":true}]}}