{"id":1370,"date":"2020-01-21T10:21:21","date_gmt":"2020-01-21T09:21:21","guid":{"rendered":"https:\/\/labhamburg.de\/wp\/?page_id=1370"},"modified":"2026-03-31T10:59:00","modified_gmt":"2026-03-31T08:59:00","slug":"lokstedt","status":"publish","type":"page","link":"https:\/\/labhamburg.de\/?page_id=1370","title":{"rendered":"Lokstedt"},"content":{"rendered":"<div id='av_section_1'  class='avia-section main_color avia-section-default avia-no-border-styling  avia-full-stretch avia-bg-style-scroll  avia-builder-el-0  el_before_av_two_third  avia-builder-el-first   av-minimum-height av-minimum-height-custom  container_wrap sidebar_right' style='background-repeat: no-repeat; background-image: url(https:\/\/labhamburg.de\/wp-content\/uploads\/2020\/02\/nature-2157533_1920-1500x630.jpg);background-attachment: scroll; background-position: top center;  '  data-section-bg-repeat='stretch'><div class='container' style='height:280px'><main  role=\"main\" itemprop=\"mainContentOfPage\"  class='template-page content  av-content-small alpha units'><div class='post-entry post-entry-type-page post-entry-1370'><div class='entry-content-wrapper clearfix'><\/div><\/div><\/main><!-- close content main element --><\/div><\/div><div id='after_section_1'  class='main_color av_default_container_wrap container_wrap sidebar_right' style=' '  ><div class='container' ><div class='template-page content  av-content-small alpha units'><div class='post-entry post-entry-type-page post-entry-1370'><div class='entry-content-wrapper clearfix'>\n<div class='flex_column_table av-equal-height-column-flextable -flextable' style='margin-top:-90px; margin-bottom:0px; box-shadow: 0 0 2px 0 #ad9269; '><div class=\"flex_column av_two_third  no_margin flex_column_table_cell av-equal-height-column av-align-top first  avia-builder-el-1  el_after_av_section  el_before_av_one_third  avia-builder-el-first  \" style='background: #ffffff; padding:30px; background-color:#ffffff; border-radius:0px; '><p><div  style='padding-bottom:0px; font-size:30px;' class='av-special-heading av-special-heading-h3  blockquote modern-quote modern-centered  avia-builder-el-2  el_before_av_hr  avia-builder-el-first  av-inherit-size '><h3 class='av-special-heading-tag '  itemprop=\"headline\"  >Treffpunkt Lokstedt<\/h3><div class ='av-subheading av-subheading_below  ' style='font-size:13px;'><p>Inmitten des zentralen Stadtteils Lokstedt direkt am Siemersplatz gelegen befindet sich der Treffpunkt und \u00f6ffnet allen Besuchern und G\u00e4sten seine T\u00fcren f\u00fcr gemeinsame und fr\u00f6hliche Aktivit\u00e4ten, sodass keiner allein zu Hause bleiben muss.<\/p>\n<\/div><div class='special-heading-border'><div class='special-heading-inner-border' ><\/div><\/div><\/div><br \/>\n<div  style=' margin-top:30px; margin-bottom:30px;'  class='hr hr-custom hr-center hr-icon-yes   avia-builder-el-3  el_after_av_heading  el_before_av_textblock '><span class='hr-inner   inner-border-av-border-thin' style=' width:20%;' ><span class='hr-inner-style'><\/span><\/span><span class='av-seperator-icon'  aria-hidden='true' data-av_icon='\ue8bf' data-av_iconfont='entypo-fontello'><\/span><span class='hr-inner   inner-border-av-border-thin' style=' width:20%;' ><span class='hr-inner-style'><\/span><\/span><\/div><br \/>\n<section class=\"av_textblock_section \"  itemscope=\"itemscope\" itemtype=\"https:\/\/schema.org\/CreativeWork\" ><div class='avia_textblock  '   itemprop=\"text\" ><p>Der Treffpunkt entfaltet seine wahre Gr\u00f6\u00dfe, indem er ein abwechslungsreiches Programm anbietet, das so vielf\u00e4ltig ist, wie das Interesse der Bewohner in Lokstedt und den umliegenden Stadtteilen.<\/p>\n<p>Besonders hervorzuheben sind die liebevoll vorbereiteten Ausfl\u00fcge, Wanderungen, Spazierg\u00e4nge, Besichtigungen und Theaterbesuche.<\/p>\n<p>Zu den weiteren Angeboten geh\u00f6ren u.a.: Tablet- und Smartphone Sprechstunde, Bridge, Rummykub, Uno, Bingo, Schach, Wassergymnastik, R\u00fccken-, Sitz- und Beckenbodengymnastik, Nordic Walking, Qigong, Kegeln Italienischkurs, Englischkurs, Spanischunterricht, Singen, ein Literaturkreis, Malen, T\u00f6pfern oder Handarbeiten.<\/p>\n<\/div><\/section><br \/>\n<div  style='height:50px' class='hr hr-invisible   avia-builder-el-5  el_after_av_textblock  el_before_av_textblock '><span class='hr-inner ' ><span class='hr-inner-style'><\/span><\/span><\/div><br \/>\n<section class=\"av_textblock_section \"  itemscope=\"itemscope\" itemtype=\"https:\/\/schema.org\/CreativeWork\" ><div class='avia_textblock  '   itemprop=\"text\" ><h3><a href=\"https:\/\/labhamburg.de\/wp\/?page_id=1370\">LAB Treffpunkt Lokstedt<\/a><\/h3>\n<p>Vogt-Wells-Stra\u00dfe 22, 22529 Hamburg<\/p>\n<p><i class=\"fas fa-phone-alt\"> 040 &#8211; 58 43 82 <\/i><\/p>\n<p><i class=\"fas fa-fax\"> 040 &#8211; 52 67 85 30 <\/i><\/p>\n<p><i class=\"fas fa-envelope\"> lokstedt(at)labhamburg.de <\/i><\/p>\n<\/div><\/section><br \/>\n<section class=\"av_textblock_section \"  itemscope=\"itemscope\" itemtype=\"https:\/\/schema.org\/CreativeWork\" ><div class='avia_textblock  '   itemprop=\"text\" ><h4>Ansprechpartner &#038; Sprechzeiten:<\/h4>\n<p><strong>Treffpunktleitung:<\/strong>\u00a0 Ursula Wetzel<\/p>\n<p><strong>Sprechzeiten:<\/strong> Mittwoch 10.00 &#8211; 12.00 Uhr<\/p>\n<h4><strong>B\u00fcrozeiten:<\/strong><\/h4>\n<p>siehe Programm<\/p>\n<h4>\u00d6ffnungszeiten des Treffpunktes:<\/h4>\n<p>Siehe Monatsprogramm<\/p>\n<\/div><\/section><\/p><\/div>\n<div class=\"flex_column av_one_third  no_margin flex_column_table_cell av-equal-height-column av-align-top   avia-builder-el-8  el_after_av_two_third  el_before_av_hr  \" style='background: rgba(255,255,255,0.88); padding:30px; background-color:rgba(255,255,255,0.88); border-radius:0px; '><section class=\"av_textblock_section \"  itemscope=\"itemscope\" itemtype=\"https:\/\/schema.org\/CreativeWork\" ><div class='avia_textblock  '   itemprop=\"text\" ><p style=\"text-align: left;\"><strong>Monatsprogramm April 2026<\/strong><\/p>\n<\/div><\/section><br \/>\n<div  class='avia-image-container  av-styling-    avia-builder-el-10  el_after_av_textblock  el_before_av_image  avia-align-center '  itemprop=\"image\" itemscope=\"itemscope\" itemtype=\"https:\/\/schema.org\/ImageObject\"  ><div class='avia-image-container-inner'><div class='avia-image-overlay-wrap'><a href='https:\/\/labhamburg.de\/wp-content\/uploads\/2026\/03\/April-2026-Neu-Word-aussen1-1030x728.jpg' class='avia_image'  ><img class='avia_image ' src='https:\/\/labhamburg.de\/wp-content\/uploads\/2026\/03\/April-2026-Neu-Word-aussen1-300x212.jpg' alt='' title='April 2026 Neu Word au\u00dfen(1)'  itemprop=\"thumbnailUrl\"  \/><\/a><\/div><\/div><\/div><br \/>\n<div  class='avia-image-container  av-styling-    avia-builder-el-11  el_after_av_image  el_before_av_textblock  avia-align-center '  itemprop=\"image\" itemscope=\"itemscope\" itemtype=\"https:\/\/schema.org\/ImageObject\"  ><div class='avia-image-container-inner'><div class='avia-image-overlay-wrap'><a href='https:\/\/labhamburg.de\/wp-content\/uploads\/2026\/03\/04-April-2026-Neu-Word-Innenseite-1030x729.jpg' class='avia_image'  ><img class='avia_image ' src='https:\/\/labhamburg.de\/wp-content\/uploads\/2026\/03\/04-April-2026-Neu-Word-Innenseite-300x212.jpg' alt='' title='04) April 2026 Neu Word Innenseite'  itemprop=\"thumbnailUrl\"  \/><\/a><\/div><\/div><\/div><br \/>\n<section class=\"av_textblock_section \"  itemscope=\"itemscope\" itemtype=\"https:\/\/schema.org\/CreativeWork\" ><div class='avia_textblock  '   itemprop=\"text\" ><p style=\"text-align: left;\"><strong>Neuigkeiten\/Sonstiges<br \/>\n<\/strong><\/p>\n<\/div><\/section><br \/>\n<div  class='avia-image-container  av-styling-    avia-builder-el-13  el_after_av_textblock  el_before_av_image  avia-align-center '  itemprop=\"image\" itemscope=\"itemscope\" itemtype=\"https:\/\/schema.org\/ImageObject\"  ><div class='avia-image-container-inner'><div class='avia-image-overlay-wrap'><a href='https:\/\/labhamburg.de\/wp-content\/uploads\/2026\/02\/Spargelessen-Lokstedt-728x1030.jpg' class='avia_image'  ><img class='avia_image ' src='https:\/\/labhamburg.de\/wp-content\/uploads\/2026\/02\/Spargelessen-Lokstedt-212x300.jpg' alt='' title='Spargelessen Lokstedt'  itemprop=\"thumbnailUrl\"  \/><\/a><\/div><\/div><\/div><br \/>\n<div  class='avia-image-container  av-styling-    avia-builder-el-14  el_after_av_image  el_before_av_image  avia-align-center '  itemprop=\"image\" itemscope=\"itemscope\" itemtype=\"https:\/\/schema.org\/ImageObject\"  ><div class='avia-image-container-inner'><div class='avia-image-overlay-wrap'><a href='https:\/\/labhamburg.de\/wp-content\/uploads\/2025\/03\/Lokstedt_Sportkurse-728x1030.jpg' class='avia_image'  ><img class='avia_image ' src='https:\/\/labhamburg.de\/wp-content\/uploads\/2025\/03\/Lokstedt_Sportkurse-212x300.jpg' alt='' title='Lokstedt_Sportkurse'  itemprop=\"thumbnailUrl\"  \/><\/a><\/div><\/div><\/div><br \/>\n<div  class='avia-image-container  av-styling-    avia-builder-el-15  el_after_av_image  el_before_av_image  avia-align-center '  itemprop=\"image\" itemscope=\"itemscope\" itemtype=\"https:\/\/schema.org\/ImageObject\"  ><div class='avia-image-container-inner'><div class='avia-image-overlay-wrap'><a href='https:\/\/labhamburg.de\/wp-content\/uploads\/2026\/02\/Spiele_Lokstedt_hell-728x1030.jpg' class='avia_image'  ><img class='avia_image ' src='https:\/\/labhamburg.de\/wp-content\/uploads\/2026\/02\/Spiele_Lokstedt_hell-212x300.jpg' alt='' title='Spiele_Lokstedt_hell'  itemprop=\"thumbnailUrl\"  \/><\/a><\/div><\/div><\/div><br \/>\n<div  class='avia-image-container  av-styling-    avia-builder-el-16  el_after_av_image  el_before_av_hr  avia-align-center '  itemprop=\"image\" itemscope=\"itemscope\" itemtype=\"https:\/\/schema.org\/ImageObject\"  ><div class='avia-image-container-inner'><div class='avia-image-overlay-wrap'><a href='https:\/\/labhamburg.de\/wp-content\/uploads\/2025\/02\/Malen_Lokstedt-728x1030.png' class='avia_image'  ><img class='avia_image ' src='https:\/\/labhamburg.de\/wp-content\/uploads\/2025\/02\/Malen_Lokstedt-212x300.png' alt='' title='Malen_Lokstedt'  itemprop=\"thumbnailUrl\"  \/><\/a><\/div><\/div><\/div><br \/>\n<div  style=' margin-top:30px; margin-bottom:30px;'  class='hr hr-custom hr-center hr-icon-yes   avia-builder-el-17  el_after_av_image  el_before_av_heading '><span class='hr-inner   inner-border-av-border-thin' style=' width:30%; border-color:rgba(73,73,73,0.3);' ><span class='hr-inner-style'><\/span><\/span><span class='av-seperator-icon' style='color:rgba(73,73,73,0.3);' aria-hidden='true' data-av_icon='\ue8bf' data-av_iconfont='entypo-fontello'><\/span><span class='hr-inner   inner-border-av-border-thin' style=' width:30%; border-color:rgba(73,73,73,0.3);' ><span class='hr-inner-style'><\/span><\/span><\/div><br \/>\n<div  style='padding-bottom:0px; color:#020202;font-size:30px;' class='av-special-heading av-special-heading-h3 custom-color-heading blockquote modern-quote modern-centered  avia-builder-el-18  el_after_av_hr  el_before_av_hr  av-inherit-size '><h3 class='av-special-heading-tag '  itemprop=\"headline\"  >Schreiben Sie uns<\/h3><div class ='av-subheading av-subheading_below av_custom_color ' style='font-size:13px;'><p>Wir freuen uns auf Ihre Anfrage.<\/p>\n<\/div><div class='special-heading-border'><div class='special-heading-inner-border' style='border-color:#020202'><\/div><\/div><\/div><br \/>\n<div  style=' margin-top:30px; margin-bottom:30px;'  class='hr hr-custom hr-center hr-icon-yes   avia-builder-el-19  el_after_av_heading  el_before_av_contact '><span class='hr-inner   inner-border-av-border-thin' style=' width:30%; border-color:rgba(73,73,73,0.3);' ><span class='hr-inner-style'><\/span><\/span><span class='av-seperator-icon' style='color:rgba(73,73,73,0.3);' aria-hidden='true' data-av_icon='\ue8bf' data-av_iconfont='entypo-fontello'><\/span><span class='hr-inner   inner-border-av-border-thin' style=' width:30%; border-color:rgba(73,73,73,0.3);' ><span class='hr-inner-style'><\/span><\/span><\/div><br \/>\n<form action=\"https:\/\/labhamburg.de\/?page_id=1370\" method=\"post\"  class=\"avia_ajax_form av-form-labels-hidden   avia-builder-el-20  el_after_av_hr  avia-builder-el-last  av-centered-form  av-custom-form-color av-dark-form \" data-avia-form-id=\"1\" data-avia-redirect='' ><fieldset><p class='  first_form  form_element form_element_half' id='element_avia_1_1'><label for=\"avia_1_1\">Name <abbr class=\"required\" title=\"ben\u00f6tigt\">*<\/abbr><\/label> <input name=\"avia_1_1\" class=\"text_input is_empty\" type=\"text\" id=\"avia_1_1\" value=\"\"  placeholder='Name*'\/><\/p><p class='  form_element form_element_half' id='element_avia_2_1'><label for=\"avia_2_1\">Telefonnummer<\/label> <input name=\"avia_2_1\" class=\"text_input \" type=\"text\" id=\"avia_2_1\" value=\"\"  placeholder='Telefonnummer'\/><\/p><p class='  first_form  form_element form_element_half' id='element_avia_3_1'><label for=\"avia_3_1\">E-Mail <abbr class=\"required\" title=\"ben\u00f6tigt\">*<\/abbr><\/label> <input name=\"avia_3_1\" class=\"text_input is_email\" type=\"text\" id=\"avia_3_1\" value=\"\"  placeholder='E-Mail*'\/><\/p><p class='  first_form  form_element form_fullwidth av-last-visible-form-element' id='element_avia_4_1'><label for=\"avia_4_1\" class=\"textare_label hidden textare_label_avia_4_1\">Ihre Nachricht <abbr class=\"required\" title=\"ben\u00f6tigt\">*<\/abbr><\/label><textarea  placeholder='Ihre Nachricht*' name=\"avia_4_1\" class=\"text_area is_empty\" cols=\"40\" rows=\"7\" id=\"avia_4_1\" ><\/textarea><\/p><p class=\"hidden\"><input type=\"text\" name=\"avia_5_1\" class=\"hidden \" id=\"avia_5_1\" value=\"\" \/><\/p><p class=\"form_element \"><input type=\"hidden\" value=\"1\" name=\"avia_generated_form1\" \/><input type=\"submit\" value=\"Senden\" class=\"button\"  data-sending-label=\"Sende\"\/><\/p><\/fieldset><\/form><div id=\"ajaxresponse_1\" class=\"ajaxresponse ajaxresponse_1 hidden\"><\/div><\/p><\/div><\/div><!--close column table wrapper. Autoclose: 1 --><div   class='hr hr-default   avia-builder-el-21  el_after_av_one_third  el_before_av_postcontent  avia-builder-el-last '><span class='hr-inner ' ><span class='hr-inner-style'><\/span><\/span><\/div><\/p>\n[av_section min_height='' min_height_pc='25' min_height_px='500px' padding='no-padding' custom_margin='0px' custom_margin_sync='true' color='header_color' background='bg_color' custom_bg='transparent' background_gradient_color1='' background_gradient_color2='' background_gradient_direction='vertical' src='https:\/\/labhamburg.de\/wp\/wp-content\/uploads\/2020\/02\/wave_gold-5.png' attachment='1657' attachment_size='full' attach='scroll' position='top left' repeat='stretch' video='' video_ratio='16:9' overlay_opacity='0.1' overlay_color='' overlay_pattern='custom' overlay_custom_pattern='' shadow='no-border-styling' bottom_border='no-border-styling' bottom_border_diagonal_color='#333333' bottom_border_diagonal_direction='' bottom_border_style='' custom_arrow_bg='' id='' custom_class='' aria_label='' av_element_hidden_in_editor='0' av_uid='av-k0okxlds'][\/av_section]\r\n\r\n\n","protected":false},"excerpt":{"rendered":"","protected":false},"author":1,"featured_media":0,"parent":1821,"menu_order":0,"comment_status":"open","ping_status":"closed","template":"","meta":{"footnotes":""},"class_list":["post-1370","page","type-page","status-publish","hentry"],"_links":{"self":[{"href":"https:\/\/labhamburg.de\/index.php?rest_route=\/wp\/v2\/pages\/1370","targetHints":{"allow":["GET"]}}],"collection":[{"href":"https:\/\/labhamburg.de\/index.php?rest_route=\/wp\/v2\/pages"}],"about":[{"href":"https:\/\/labhamburg.de\/index.php?rest_route=\/wp\/v2\/types\/page"}],"author":[{"embeddable":true,"href":"https:\/\/labhamburg.de\/index.php?rest_route=\/wp\/v2\/users\/1"}],"replies":[{"embeddable":true,"href":"https:\/\/labhamburg.de\/index.php?rest_route=%2Fwp%2Fv2%2Fcomments&post=1370"}],"version-history":[{"count":206,"href":"https:\/\/labhamburg.de\/index.php?rest_route=\/wp\/v2\/pages\/1370\/revisions"}],"predecessor-version":[{"id":10327,"href":"https:\/\/labhamburg.de\/index.php?rest_route=\/wp\/v2\/pages\/1370\/revisions\/10327"}],"up":[{"embeddable":true,"href":"https:\/\/labhamburg.de\/index.php?rest_route=\/wp\/v2\/pages\/1821"}],"wp:attachment":[{"href":"https:\/\/labhamburg.de\/index.php?rest_route=%2Fwp%2Fv2%2Fmedia&parent=1370"}],"curies":[{"name":"wp","href":"https:\/\/api.w.org\/{rel}","templated":true}]}}