{"id":712,"date":"2019-11-11T13:33:56","date_gmt":"2019-11-11T12:33:56","guid":{"rendered":"https:\/\/labhamburg.de\/wp\/?page_id=712"},"modified":"2023-11-15T12:00:55","modified_gmt":"2023-11-15T11:00:55","slug":"mitgliedschaft-und-satzung","status":"publish","type":"page","link":"https:\/\/labhamburg.de\/?page_id=712","title":{"rendered":"MITGLIEDSCHAFT &#038; SATZUNG"},"content":{"rendered":"<div class=\"flex_column av_one_full  flex_column_div av-zero-column-padding first  avia-builder-el-0  el_before_av_one_full  avia-builder-el-first  \" style='border-radius:0px; '><section class=\"av_textblock_section \"  itemscope=\"itemscope\" itemtype=\"https:\/\/schema.org\/CreativeWork\" ><div class='avia_textblock  '   itemprop=\"text\" ><h3>Mitgliedschaft im LAB Hamburg e.V.<\/h3>\n<p class=\"text-center\">Warum lohnt es sich, LAB-Mitglied zu werden:<\/p>\n<p class=\"text-center\">&#8230; weil Sie als LAB-Mitglied Informationen \u00fcber die Arbeit des Vereins erhalten und auch die M\u00f6glichkeit haben, z. B. als Delegierte\/r Einfluss auf die Gestaltung der Arbeit des Vereins zu nehmen<\/p>\n<p class=\"text-center\">&#8230; weil die Mitarbeiter der Treffpunkte und die Gesch\u00e4ftsstelle des Vereins daf\u00fcr Sorge tragen k\u00f6nnen, dass auch Ihre Ideen f\u00fcr eine gemeinsame, interessante Freizeitgestaltung umgesetzt werden, sofern sie den \u00f6rtlichen Gegebenheiten entsprechen<\/p>\n<p class=\"text-center\">&#8230; weil der Verein LAB erweiterte Angebote anbieten kann, in denen Sie die R\u00e4umlichkeiten, die von der Stadt Hamburg zur Verf\u00fcgung gestellt werden, nutzen k\u00f6nnen<\/p>\n<p class=\"text-center\">&#8230; weil Sie als Mitglied f\u00fcr alle Kurse eine geringere Teilnehmergeb\u00fchr bezahlen<\/p>\n<p class=\"text-center\">&#8230; weil Ihnen als Mitglied verschiedene Veranstaltungen geboten werden(z. B. Geburtstagsfeiern, Ausfahrten, Ehrungen, usw.)<\/p>\n<p class=\"text-center\">&#8230; weil Ihnen als Mitglied viele Veranstaltungen in den Treffpunkten kostenfrei angeboten werden k\u00f6nnen<\/p>\n<p class=\"text-center\">&#8230; weil viele ehrenamtliche Helferinnen und Helfer daf\u00fcr sorgen, dass unsere Mitglieder sehr viele, kosteng\u00fcnstige Angebote in unseren Treffpunkten vorfinden<\/p>\n<p class=\"text-center\">&#8230; weil in den Treffpunkten und in der Gesch\u00e4ftsstelle des Vereins viele Menschen sich viele Gedanken machen, wie sie das Vereinsleben interessant und vielseitig f\u00fcr Sie gestalten k\u00f6nnen.<\/p>\n<p>______________________________________<\/p>\n<p class=\"text-center\">Unser Monatsbeitrag betr\u00e4gt nur 5,00 Euro.<\/p>\n<p class=\"text-center\">Die schriftliche K\u00fcndigungsfrist betr\u00e4gt 3 Monate.<\/p>\n<\/div><\/section><br \/>\n<section class=\"av_textblock_section \"  itemscope=\"itemscope\" itemtype=\"https:\/\/schema.org\/CreativeWork\" ><div class='avia_textblock  '   itemprop=\"text\" ><p><a href=\"https:\/\/labhamburg.de\/wp-content\/uploads\/2020\/12\/Beitrittserkl\u00e4rung-Vorlage-f\u00fcr-die-Website-3.pdf\">Beitrittserkl\u00e4rung Vorlage f\u00fcr die Website<\/a><\/p>\n<\/div><\/section><\/p><\/div>\n<div class=\"flex_column av_one_full  flex_column_div av-zero-column-padding first  avia-builder-el-3  el_after_av_one_full  el_before_av_postcontent  avia-builder-el-last  column-top-margin\" style='border-radius:0px; '><section class=\"av_textblock_section \"  itemscope=\"itemscope\" itemtype=\"https:\/\/schema.org\/CreativeWork\" ><div class='avia_textblock  '   itemprop=\"text\" ><div class=\"content_middle\">\n<div class=\"treffpunkt_content\">\n<h3>Satzung des LAB Hamburg e.V.<\/h3>\n<p><a href=\"https:\/\/labhamburg.de\/wp-content\/uploads\/2023\/11\/Satzung-2021-Webversion-Bornstr.-1-1.pdf\">Satzung 2021 Webversion <\/a><\/p>\n<\/div>\n<\/div>\n<\/div><\/section><br \/>\n<section class=\"av_textblock_section \"  itemscope=\"itemscope\" itemtype=\"https:\/\/schema.org\/CreativeWork\" ><div class='avia_textblock  '   itemprop=\"text\" ><p>Um Beitrittserkl\u00e4rung und Satzung anzusehen oder auszudrucken brauchen Sie den Adobe Reader. Wenn er auf Ihrem Rechner nicht installiert ist, k\u00f6nnen Sie ihn sich hier kostenlos herunterladen.<\/p>\n<p><a href=\"https:\/\/get.adobe.com\/de\/reader\/\" target=\"_blank\" rel=\"noopener\">Adobe Reader herunterladen<\/a><\/p>\n<\/div><\/section><\/p><\/div>[av_section min_height='' min_height_pc='25' min_height_px='500px' padding='no-padding' custom_margin='0px' custom_margin_sync='true' color='header_color' background='bg_color' custom_bg='transparent' background_gradient_color1='' background_gradient_color2='' background_gradient_direction='vertical' src='https:\/\/labhamburg.de\/wp\/wp-content\/uploads\/2020\/02\/wave_gold-5.png' attachment='1657' attachment_size='full' attach='scroll' position='top left' repeat='stretch' video='' video_ratio='16:9' overlay_opacity='0.1' overlay_color='' overlay_pattern='custom' overlay_custom_pattern='' shadow='no-border-styling' bottom_border='no-border-styling' bottom_border_diagonal_color='#333333' bottom_border_diagonal_direction='' bottom_border_style='' custom_arrow_bg='' id='' custom_class='' aria_label='' av_element_hidden_in_editor='0' av_uid='av-k0okxlds'][\/av_section]\r\n\r\n<\/p>\n","protected":false},"excerpt":{"rendered":"","protected":false},"author":1,"featured_media":0,"parent":0,"menu_order":0,"comment_status":"closed","ping_status":"closed","template":"","meta":{"footnotes":""},"class_list":["post-712","page","type-page","status-publish","hentry"],"_links":{"self":[{"href":"https:\/\/labhamburg.de\/index.php?rest_route=\/wp\/v2\/pages\/712","targetHints":{"allow":["GET"]}}],"collection":[{"href":"https:\/\/labhamburg.de\/index.php?rest_route=\/wp\/v2\/pages"}],"about":[{"href":"https:\/\/labhamburg.de\/index.php?rest_route=\/wp\/v2\/types\/page"}],"author":[{"embeddable":true,"href":"https:\/\/labhamburg.de\/index.php?rest_route=\/wp\/v2\/users\/1"}],"replies":[{"embeddable":true,"href":"https:\/\/labhamburg.de\/index.php?rest_route=%2Fwp%2Fv2%2Fcomments&post=712"}],"version-history":[{"count":24,"href":"https:\/\/labhamburg.de\/index.php?rest_route=\/wp\/v2\/pages\/712\/revisions"}],"predecessor-version":[{"id":6483,"href":"https:\/\/labhamburg.de\/index.php?rest_route=\/wp\/v2\/pages\/712\/revisions\/6483"}],"wp:attachment":[{"href":"https:\/\/labhamburg.de\/index.php?rest_route=%2Fwp%2Fv2%2Fmedia&parent=712"}],"curies":[{"name":"wp","href":"https:\/\/api.w.org\/{rel}","templated":true}]}}