{"id":726,"date":"2019-11-11T14:11:08","date_gmt":"2019-11-11T13:11:08","guid":{"rendered":"https:\/\/labhamburg.de\/wp\/?page_id=726"},"modified":"2024-11-08T17:37:02","modified_gmt":"2024-11-08T16:37:02","slug":"impressum","status":"publish","type":"page","link":"https:\/\/labhamburg.de\/?page_id=726","title":{"rendered":"IMPRESSUM"},"content":{"rendered":"<div id='av_section_1'  class='avia-section main_color avia-section-default avia-no-border-styling  avia-bg-style-scroll  avia-builder-el-0  el_before_av_postcontent  avia-builder-el-first   container_wrap sidebar_right' style=' '  ><div class='container' ><main  role=\"main\" itemprop=\"mainContentOfPage\"  class='template-page content  av-content-small alpha units'><div class='post-entry post-entry-type-page post-entry-726'><div class='entry-content-wrapper clearfix'>\n<div  style='padding-bottom:10px; color:#ad9269;' class='av-special-heading av-special-heading-h2 custom-color-heading blockquote modern-quote modern-centered  avia-builder-el-1  el_before_av_hr  avia-builder-el-first  '><h2 class='av-special-heading-tag '  itemprop=\"headline\"  >IMPRESSUM<\/h2><div class='special-heading-border'><div class='special-heading-inner-border' style='border-color:#ad9269'><\/div><\/div><\/div>\n<div  style=' margin-top:30px; margin-bottom:30px;'  class='hr hr-custom hr-center hr-icon-yes   avia-builder-el-2  el_after_av_heading  el_before_av_textblock '><span class='hr-inner   inner-border-av-border-thin' style=' width:150px; border-color:#ad9269;' ><span class='hr-inner-style'><\/span><\/span><span class='av-seperator-icon' style='color:#ad9269;' aria-hidden='true' data-av_icon='\ue809' data-av_iconfont='entypo-fontello'><\/span><span class='hr-inner   inner-border-av-border-thin' style=' width:150px; border-color:#ad9269;' ><span class='hr-inner-style'><\/span><\/span><\/div>\n<section class=\"av_textblock_section \"  itemscope=\"itemscope\" itemtype=\"https:\/\/schema.org\/CreativeWork\" ><div class='avia_textblock  '   itemprop=\"text\" ><table border=\"0\" width=\"100%\" cellspacing=\"0\" cellpadding=\"0\">\n<tbody>\n<tr>\n<td><\/td>\n<td>\n<div class=\"content_middle\">\n<p>Angaben gem\u00e4\u00df \u00a7 5 TMG:<\/p>\n<p>Lange Aktiv Bleiben (LAB)<br \/>\nLandesverband Hamburg e.V.<br \/>\nGesch\u00e4ftsstelle<br \/>\nBornstra\u00dfe 14<br \/>\n20146 Hamburg<\/p>\n<h2>Vertreten durch:<\/h2>\n<table>\n<tbody>\n<tr>\n<td>Vorstandsvorsitzender:<\/td>\n<td>Heiko L\u00fcdke<\/td>\n<\/tr>\n<tr>\n<td>Stellvertr. Vorsitzende:<\/td>\n<td>Ursula Wetzel<\/td>\n<\/tr>\n<tr>\n<td>Stellvertr. Vorsitzende:<\/td>\n<td>\u00a0Irene Schr\u00f6der<\/td>\n<\/tr>\n<tr>\n<td>Beisitzer:<\/td>\n<td>\u00a0Dr. Gerd J\u00fctting<\/td>\n<\/tr>\n<tr>\n<td>Beisitzerin:<\/td>\n<td>\u00a0Martina Schaub<\/td>\n<\/tr>\n<\/tbody>\n<\/table>\n<h2>Kontakt:<\/h2>\n<table>\n<tbody>\n<tr>\n<td>Telefon:<\/td>\n<td>040 55 77 93 80<\/td>\n<\/tr>\n<tr>\n<td>Telefax:<\/td>\n<td>040 55 77 93 74<\/td>\n<\/tr>\n<tr>\n<td>E-Mail:<\/td>\n<td><a href=\"mailto:Info@labhamburg.de\">info@labhamburg.de<\/a><\/td>\n<\/tr>\n<\/tbody>\n<\/table>\n<h2><\/h2>\n<h2>Registereintrag:<\/h2>\n<p>Eintragung im Vereinsregister.<br \/>\nRegistergericht: Hamburg<br \/>\nRegisternummer: VR 7891<\/p>\n<h2><\/h2>\n<h2><\/h2>\n<h2>Verantwortlich f\u00fcr den Inhalt nach \u00a7 55 Abs. 2 RStV:<\/h2>\n<p>F\u00fcr einzelne Beitr\u00e4ge der Standortsteckbriefe ist die Gesch\u00e4ftsstelle des LAB e.V. verantwortlich.<\/p>\n<h2>Haftungsausschluss:<\/h2>\n<p><strong>Haftung f\u00fcr Inhalte<\/strong><\/p>\n<p>Die Inhalte unserer Seiten wurden mit gr\u00f6\u00dfter Sorgfalt erstellt. F\u00fcr die Richtigkeit, Vollst\u00e4ndigkeit und Aktualit\u00e4t der Inhalte k\u00f6nnen wir jedoch keine Gew\u00e4hr \u00fcbernehmen. Als Diensteanbieter sind wir gem\u00e4\u00df \u00a7 7 Abs.1 TMG f\u00fcr eigene Inhalte auf diesen Seiten nach den allgemeinen Gesetzen verantwortlich. Nach \u00a7\u00a7 8 bis 10 TMG sind wir als Diensteanbieter jedoch nicht verpflichtet, \u00fcbermittelte oder gespeicherte fremde Informationen zu \u00fcberwachen oder nach Umst\u00e4nden zu forschen, die auf eine rechtswidrige T\u00e4tigkeit hinweisen. Verpflichtungen zur Entfernung oder Sperrung der Nutzung von Informationen nach den allgemeinen Gesetzen bleiben hiervon unber\u00fchrt. Eine diesbez\u00fcgliche Haftung ist jedoch erst ab dem Zeitpunkt der Kenntnis einer konkreten Rechtsverletzung m\u00f6glich. Bei Bekanntwerden von entsprechenden Rechtsverletzungen werden wir diese Inhalte umgehend entfernen.<\/p>\n<p><strong>Haftung f\u00fcr Links<\/strong><\/p>\n<p>Unser Angebot enth\u00e4lt Links zu externen Webseiten Dritter, auf deren Inhalte wir keinen Einfluss haben. Deshalb k\u00f6nnen wir f\u00fcr diese fremden Inhalte auch keine Gew\u00e4hr \u00fcbernehmen. F\u00fcr die Inhalte der verlinkten Seiten ist stets der jeweilige Anbieter oder Betreiber der Seiten verantwortlich. Die verlinkten Seiten wurden zum Zeitpunkt der Verlinkung auf m\u00f6gliche Rechtsverst\u00f6\u00dfe \u00fcberpr\u00fcft. Rechtswidrige Inhalte waren zum Zeitpunkt der Verlinkung nicht erkennbar. Eine permanente inhaltliche Kontrolle der verlinkten Seiten ist jedoch ohne konkrete Anhaltspunkte einer Rechtsverletzung nicht zumutbar. Bei Bekanntwerden von Rechtsverletzungen werden wir derartige Links umgehend entfernen.<\/p>\n<p><strong>Urheberrecht<\/strong><\/p>\n<p>Die durch die Seitenbetreiber erstellten Inhalte und Werke auf diesen Seiten unterliegen dem deutschen Urheberrecht. Die Vervielf\u00e4ltigung, Bearbeitung, Verbreitung und jede Art der Verwertung au\u00dferhalb der Grenzen des Urheberrechtes bed\u00fcrfen der schriftlichen Zustimmung des jeweiligen Autors bzw. Erstellers. Downloads und Kopien dieser Seite sind nur f\u00fcr den privaten, nicht kommerziellen Gebrauch gestattet. Soweit die Inhalte auf dieser Seite nicht vom Betreiber erstellt wurden, werden die Urheberrechte Dritter beachtet. Insbesondere werden Inhalte Dritter als solche gekennzeichnet. Sollten Sie trotzdem auf eine Urheberrechtsverletzung aufmerksam werden, bitten wir um einen entsprechenden Hinweis. Bei Bekanntwerden von Rechtsverletzungen werden wir derartige Inhalte umgehend entfernen.<\/p>\n<\/div>\n<\/td>\n<td><\/td>\n<\/tr>\n<\/tbody>\n<\/table>\n<\/div><\/section>\n[av_section min_height='' min_height_pc='25' min_height_px='500px' padding='no-padding' custom_margin='0px' custom_margin_sync='true' color='header_color' background='bg_color' custom_bg='transparent' background_gradient_color1='' background_gradient_color2='' background_gradient_direction='vertical' src='https:\/\/labhamburg.de\/wp\/wp-content\/uploads\/2020\/02\/wave_gold-5.png' attachment='1657' attachment_size='full' attach='scroll' position='top left' repeat='stretch' video='' video_ratio='16:9' overlay_opacity='0.1' overlay_color='' overlay_pattern='custom' overlay_custom_pattern='' shadow='no-border-styling' bottom_border='no-border-styling' bottom_border_diagonal_color='#333333' bottom_border_diagonal_direction='' bottom_border_style='' custom_arrow_bg='' id='' custom_class='' aria_label='' av_element_hidden_in_editor='0' av_uid='av-k0okxlds'][\/av_section]\r\n\r\n<\/p>\n","protected":false},"excerpt":{"rendered":"","protected":false},"author":1,"featured_media":0,"parent":0,"menu_order":0,"comment_status":"closed","ping_status":"closed","template":"","meta":{"footnotes":""},"class_list":["post-726","page","type-page","status-publish","hentry"],"_links":{"self":[{"href":"https:\/\/labhamburg.de\/index.php?rest_route=\/wp\/v2\/pages\/726","targetHints":{"allow":["GET"]}}],"collection":[{"href":"https:\/\/labhamburg.de\/index.php?rest_route=\/wp\/v2\/pages"}],"about":[{"href":"https:\/\/labhamburg.de\/index.php?rest_route=\/wp\/v2\/types\/page"}],"author":[{"embeddable":true,"href":"https:\/\/labhamburg.de\/index.php?rest_route=\/wp\/v2\/users\/1"}],"replies":[{"embeddable":true,"href":"https:\/\/labhamburg.de\/index.php?rest_route=%2Fwp%2Fv2%2Fcomments&post=726"}],"version-history":[{"count":12,"href":"https:\/\/labhamburg.de\/index.php?rest_route=\/wp\/v2\/pages\/726\/revisions"}],"predecessor-version":[{"id":7895,"href":"https:\/\/labhamburg.de\/index.php?rest_route=\/wp\/v2\/pages\/726\/revisions\/7895"}],"wp:attachment":[{"href":"https:\/\/labhamburg.de\/index.php?rest_route=%2Fwp%2Fv2%2Fmedia&parent=726"}],"curies":[{"name":"wp","href":"https:\/\/api.w.org\/{rel}","templated":true}]}}