{"id":731,"date":"2019-11-11T14:32:38","date_gmt":"2019-11-11T13:32:38","guid":{"rendered":"https:\/\/labhamburg.de\/wp\/?page_id=731"},"modified":"2024-02-19T18:12:14","modified_gmt":"2024-02-19T17:12:14","slug":"leitbild","status":"publish","type":"page","link":"https:\/\/labhamburg.de\/?page_id=731","title":{"rendered":"LEITBILD"},"content":{"rendered":"<div id='av_section_1'  class='avia-section main_color avia-section-large avia-no-shadow  av-section-color-overlay-active avia-bg-style-fixed  avia-builder-el-0  el_before_av_section  avia-builder-el-first   container_wrap sidebar_right' style=' '  ><div class='av-section-color-overlay-wrap'><div class='av-section-color-overlay' style='opacity: 0.2; background-color: #000000; '><\/div><div class='container' ><main  role=\"main\" itemprop=\"mainContentOfPage\"  class='template-page content  av-content-small alpha units'><div class='post-entry post-entry-type-page post-entry-731'><div class='entry-content-wrapper clearfix'>\n<div  style='padding-bottom:0px; color:#ffffff;font-size:50px;' class='av-special-heading av-special-heading-h3 custom-color-heading blockquote modern-quote modern-centered  avia-builder-el-1  el_before_av_hr  avia-builder-el-first  av-inherit-size '><h3 class='av-special-heading-tag '  itemprop=\"headline\"  >\u00dcber uns <span class='special_amp'>&amp;<\/span> Leitbild<\/h3><div class ='av-subheading av-subheading_below av_custom_color ' style='font-size:15px;'><p>Ein Verein aktiver Senioren stellt sich vor.<\/p>\n<\/div><div class='special-heading-border'><div class='special-heading-inner-border' style='border-color:#ffffff'><\/div><\/div><\/div>\n<div  style=' margin-top:30px; margin-bottom:30px;'  class='hr hr-custom hr-center hr-icon-yes   avia-builder-el-2  el_after_av_heading  avia-builder-el-last '><span class='hr-inner   inner-border-av-border-thin' style=' width:20%; border-color:rgba(255,255,255,0.76);' ><span class='hr-inner-style'><\/span><\/span><span class='av-seperator-icon' style='color:#ffffff;' aria-hidden='true' data-av_icon='\ue8bf' data-av_iconfont='entypo-fontello'><\/span><span class='hr-inner   inner-border-av-border-thin' style=' width:20%; border-color:rgba(255,255,255,0.76);' ><span class='hr-inner-style'><\/span><\/span><\/div>\n\n<\/div><\/div><\/main><!-- close content main element --><\/div><\/div><\/div><div id='av_section_2'  class='avia-section main_color avia-section-small avia-no-border-styling  avia-bg-style-fixed  avia-builder-el-3  el_after_av_section  avia-builder-el-last   container_wrap sidebar_right' style=' '  ><div class='container' ><div class='template-page content  av-content-small alpha units'><div class='post-entry post-entry-type-page post-entry-731'><div class='entry-content-wrapper clearfix'>\n<div class='flex_column_table av-equal-height-column-flextable -flextable' style='margin-top:-60px; margin-bottom:0px; '><div class=\"flex_column av_two_third  no_margin flex_column_table_cell av-equal-height-column av-align-top first  avia-builder-el-4  el_before_av_one_third  avia-builder-el-first  \" style='padding:30px; background-color:#ffffff; border-radius:0px; '><p><div  style='padding-bottom:0px; ' class='av-special-heading av-special-heading-h3  blockquote modern-quote  avia-builder-el-5  el_before_av_textblock  avia-builder-el-first  '><h3 class='av-special-heading-tag '  itemprop=\"headline\"  >\u00dcber uns<\/h3><div class='special-heading-border'><div class='special-heading-inner-border' ><\/div><\/div><\/div><br \/>\n<section class=\"av_textblock_section \"  itemscope=\"itemscope\" itemtype=\"https:\/\/schema.org\/CreativeWork\" ><div class='avia_textblock  '  style='font-size:18px; '  itemprop=\"text\" ><p>Hamburger finden beim Verein Lange Aktiv Bleiben (LAB) ein umfangreiches Angebot zur gemeinsamen Gestaltung ihrer Freizeit. Dazu z\u00e4hlen Sport, Spiele, Ausfl\u00fcge und Reisen, geselliges Beisammensein, Kochen, Tanzen, Musizieren, Sprach- und Bastelkurse, k\u00fcnstlerische Aktivit\u00e4ten und vieles mehr.<\/p>\n<\/div><\/section><br \/>\n<div  style=' margin-top:30px; margin-bottom:30px;'  class='hr hr-custom hr-center hr-icon-yes   avia-builder-el-7  el_after_av_textblock  el_before_av_textblock '><span class='hr-inner   inner-border-av-border-thin' style=' width:45%;' ><span class='hr-inner-style'><\/span><\/span><span class='av-seperator-icon'  aria-hidden='true' data-av_icon='\ue8bf' data-av_iconfont='entypo-fontello'><\/span><span class='hr-inner   inner-border-av-border-thin' style=' width:45%;' ><span class='hr-inner-style'><\/span><\/span><\/div><br \/>\n<section class=\"av_textblock_section \"  itemscope=\"itemscope\" itemtype=\"https:\/\/schema.org\/CreativeWork\" ><div class='avia_textblock  '   itemprop=\"text\" ><p>Ehrenamtliche und Besucher treffen sich in den 14 Treffpunkten, die \u00fcber ganz Hamburg verteilt sind. Es gibt regelm\u00e4\u00dfige Veranstaltungen und wechselnde Angebote. Jeden Monat wird f\u00fcr alle Treffpunkte ein neues Programm individuell zusammengestellt und in den jeweiligen R\u00e4umlichkeiten ausgelegt.<\/p>\n<p>Wir sind eine \u00fcberparteiliche und \u00fcberkonfessionelle Selbsthilfeorganisation, gegr\u00fcndet im Jahr 1958.<\/p>\n<p>In Hamburg sind wir seit 1963 aktiv und damit die \u00e4lteste Seniorenorganisation der Stadt. Seit 1993 nennt sich der Verein Lange Aktiv Bleiben (LAB) \u2013 ein Name, der ausdr\u00fccklich programmatisch zu verstehen ist. Interessierte G\u00e4ste und neue Mitglieder sind in allen Treffpunkten jederzeit herzlich willkommen!<\/p>\n<\/div><\/section><br \/>\n<div  style=' margin-top:30px; margin-bottom:30px;'  class='hr hr-custom hr-center hr-icon-yes   avia-builder-el-9  el_after_av_textblock  el_before_av_slideshow '><span class='hr-inner   inner-border-av-border-thin' style=' width:45%;' ><span class='hr-inner-style'><\/span><\/span><span class='av-seperator-icon'  aria-hidden='true' data-av_icon='\ue8bf' data-av_iconfont='entypo-fontello'><\/span><span class='hr-inner   inner-border-av-border-thin' style=' width:45%;' ><span class='hr-inner-style'><\/span><\/span><\/div><br \/>\n<div   data-size='gallery'  data-lightbox_size='large'  data-animation='slide'  data-conditional_play=''  data-ids='6823'  data-video_counter='0'  data-autoplay='false'  data-bg_slider='false'  data-slide_height=''  data-handle='av_slideshow'  data-interval='3'  data-class=' avia-builder-el-10  el_after_av_hr  el_before_av_textblock  '  data-el_id=''  data-css_id=''  data-scroll_down=''  data-control_layout='av-control-minimal'  data-custom_markup=''  data-perma_caption=''  data-autoplay_stopper=''  data-image_attachment=''  data-min_height='0px'  data-default-height='80.94674556213'  class='avia-slideshow avia-slideshow-1  av-control-minimal av-default-height-applied avia-slideshow-gallery av_slideshow  avia-builder-el-10  el_after_av_hr  el_before_av_textblock   avia-slide-slider '  itemprop=\"image\" itemscope=\"itemscope\" itemtype=\"https:\/\/schema.org\/ImageObject\" ><ul class='avia-slideshow-inner ' style='padding-bottom: 96.308186195827%;' ><li  class=' av-single-slide slide-1 ' ><div data-rel='slideshow-1' class='avia-slide-wrap '   ><img src='https:\/\/labhamburg.de\/wp-content\/uploads\/2024\/02\/Hamburg-Karte-Standorte-LAB-nur-Symbole-PNG-1.png' width='623' height='600' title='Hamburg-Karte-Standorte-LAB-nur Symbole-PNG' alt=''  itemprop=\"thumbnailUrl\"   \/><\/div><\/li><\/ul><\/div><br \/>\n<section class=\"av_textblock_section \"  itemscope=\"itemscope\" itemtype=\"https:\/\/schema.org\/CreativeWork\" ><div class='avia_textblock  '   itemprop=\"text\" ><p><strong>Ein Leben lang aktiv!<\/strong><\/p>\n<ul>\n<li>Wir sind offen f\u00fcr Menschen, die sich in eine Gemeinschaft einbringen wollen.<\/li>\n<li>Die LAB Treffpunkte sind offen f\u00fcr alle Menschen. Sie sind parteipolitisch und konfessionell unabh\u00e4ngig. Handicaps oder Migrationshintergr\u00fcnde\u00a0 sowie LGBTQIA + Orientierungen spielen f\u00fcr uns keine Rolle.<\/li>\n<li>Wir arbeiten interkulturell und generations\u00fcbergreifend.<\/li>\n<li>Wir sind offen f\u00fcr alle Menschen, die den Menschen im Gegen\u00fcber sehen, seine Eigenarten, F\u00e4higkeiten und Ideen sch\u00e4tzen und sich darauf einlassen.<\/li>\n<li>Wir wollen unseren (All)tag sinnvoll gestalten, Gemeinsamkeit schaffen und m\u00f6glicher Vereinsamung entgegenwirken.<\/li>\n<li>Wir haben stadtteilorientierte Treffpunkte geschaffen, in denen sich aktive und offene Menschen begegnen, die in Interessengruppen, kreativen Kreisen, geselligen oder sportlichen Runden die Gemeinschaft erleben wollen. Sie probieren Neues aus oder (re)aktivieren Kenntnisse und Fertigkeiten, f\u00fcr die sie nun mehr Zeit haben.<\/li>\n<\/ul>\n<p>In den Treffpunkten agieren und engagieren sich Ehrenamtliche, um die zahlreichen Aktivit\u00e4ten zu organisieren. Sie erm\u00f6glichen unseren G\u00e4sten, die herzlich willkommen sind, und den Mitgliedern des Vereins Lange Aktiv Bleiben (LAB) anregende Stunden.<\/p>\n<\/div><\/section><br \/>\n<div  style=' margin-top:30px; margin-bottom:30px;'  class='hr hr-custom hr-center hr-icon-yes   avia-builder-el-12  el_after_av_textblock  avia-builder-el-last '><span class='hr-inner   inner-border-av-border-thin' style=' width:45%;' ><span class='hr-inner-style'><\/span><\/span><span class='av-seperator-icon'  aria-hidden='true' data-av_icon='\ue8bf' data-av_iconfont='entypo-fontello'><\/span><span class='hr-inner   inner-border-av-border-thin' style=' width:45%;' ><span class='hr-inner-style'><\/span><\/span><\/div><\/p><\/div><div class=\"flex_column av_one_third  no_margin flex_column_table_cell av-equal-height-column av-align-top   avia-builder-el-13  el_after_av_two_third  avia-builder-el-last  \" style='padding:30px; background-color:#f0f0f0; border-radius:0px; '><p><br \/>\n<section class=\"av_textblock_section \"  itemscope=\"itemscope\" itemtype=\"https:\/\/schema.org\/CreativeWork\" ><div class='avia_textblock  '   itemprop=\"text\" ><p>Der Verein Lange Aktiv Bleiben besteht bereits seit 1958 und ist seit 1963 in Hamburg aktiv.<\/p>\n<\/div><\/section><br \/>\n<div  style=' margin-top:30px; margin-bottom:30px;'  class='hr hr-custom hr-center hr-icon-yes   avia-builder-el-16  el_after_av_textblock  avia-builder-el-last '><span class='hr-inner   inner-border-av-border-thin' style=' width:45%;' ><span class='hr-inner-style'><\/span><\/span><span class='av-seperator-icon'  aria-hidden='true' data-av_icon='\ue8bf' data-av_iconfont='entypo-fontello'><\/span><span class='hr-inner   inner-border-av-border-thin' style=' width:45%;' ><span class='hr-inner-style'><\/span><\/span><\/div><\/p><\/div><\/div><!--close column table wrapper. Autoclose: 1 --><\/div><\/div><\/div><!-- close content main div --><\/div><\/div><div id='after_section_2'  class='main_color av_default_container_wrap container_wrap sidebar_right' style=' '  ><div class='container' ><div class='template-page content  av-content-small alpha units'><div class='post-entry post-entry-type-page post-entry-731'><div class='entry-content-wrapper clearfix'>\n","protected":false},"excerpt":{"rendered":"","protected":false},"author":1,"featured_media":0,"parent":0,"menu_order":0,"comment_status":"closed","ping_status":"closed","template":"","meta":{"footnotes":""},"class_list":["post-731","page","type-page","status-publish","hentry"],"_links":{"self":[{"href":"https:\/\/labhamburg.de\/index.php?rest_route=\/wp\/v2\/pages\/731","targetHints":{"allow":["GET"]}}],"collection":[{"href":"https:\/\/labhamburg.de\/index.php?rest_route=\/wp\/v2\/pages"}],"about":[{"href":"https:\/\/labhamburg.de\/index.php?rest_route=\/wp\/v2\/types\/page"}],"author":[{"embeddable":true,"href":"https:\/\/labhamburg.de\/index.php?rest_route=\/wp\/v2\/users\/1"}],"replies":[{"embeddable":true,"href":"https:\/\/labhamburg.de\/index.php?rest_route=%2Fwp%2Fv2%2Fcomments&post=731"}],"version-history":[{"count":17,"href":"https:\/\/labhamburg.de\/index.php?rest_route=\/wp\/v2\/pages\/731\/revisions"}],"predecessor-version":[{"id":7780,"href":"https:\/\/labhamburg.de\/index.php?rest_route=\/wp\/v2\/pages\/731\/revisions\/7780"}],"wp:attachment":[{"href":"https:\/\/labhamburg.de\/index.php?rest_route=%2Fwp%2Fv2%2Fmedia&parent=731"}],"curies":[{"name":"wp","href":"https:\/\/api.w.org\/{rel}","templated":true}]}}