{"id":745,"date":"2019-11-11T15:16:48","date_gmt":"2019-11-11T14:16:48","guid":{"rendered":"https:\/\/labhamburg.de\/wp\/?page_id=745"},"modified":"2026-04-13T11:33:02","modified_gmt":"2026-04-13T09:33:02","slug":"mitmachen-helfen","status":"publish","type":"page","link":"https:\/\/labhamburg.de\/?page_id=745","title":{"rendered":"MITMACHEN &#038; HELFEN"},"content":{"rendered":"<section class=\"av_textblock_section \"  itemscope=\"itemscope\" itemtype=\"https:\/\/schema.org\/CreativeWork\" ><div class='avia_textblock  '   itemprop=\"text\" ><p><strong>Gemeinsam f\u00fcr die Gemeinschaft \u2013 LAB &#8211; Lange Aktiv Bleiben e.V. \u2013 Freizeitverein f\u00fcr aktive 60+ sucht engagierte Ehrenamtliche<\/strong><\/p>\n<p>In dem unabh\u00e4ngigen Verein LAB Hamburg e.V. treffen sich hamburgweit \u00e4ltere Menschen, um ihre Freizeit miteinander und f\u00fcreinander aktiv zu gestalten. Das Angebot umfasst die Bereiche Sprachen, Kunst und Kultur, Gesundheit und Bewegung, Computer und Internet, Reisen und Ausfl\u00fcge, Spiel, Gespr\u00e4chskreise, gesellige Treffs, Beratung, etc.<\/p>\n<p>In einer Zeit, in der die Bedeutung von Gemeinschaft und Zusammenhalt immer mehr an Gewicht gewinnt, w\u00fcnscht sich der LAB Hamburg, dass viele Menschen sich im Verein und in den Treffpunkten engagieren.<br \/>\nDer LAB e.V., der sich seit 1963 erfolgreich f\u00fcr die F\u00f6rderung von Freizeitaktivit\u00e4ten und sozialem Miteinander einsetzt, sucht enthusiastische Ehrenamtliche, um das Angebot noch vielf\u00e4ltiger und lebendiger zu gestalten.<\/p>\n<p>Das Herzst\u00fcck eines jeden Vereins sind die Menschen, die ihre Zeit und Energie investieren, um im Verein soziale Teilhabe zu leben und anderen Menschen Begegnungen zu erm\u00f6glichen. Unabh\u00e4ngig davon, ob es um die Organisation von Veranstaltungen, die Betreuung von Gruppen oder die Unterst\u00fctzung in administrativen Aufgaben in den Treffpunkten oder sogar im Vorstand geht &#8211; jede Form des Engagements ist willkommen. Voraussetzung ist die Freude am menschlichen Miteinander.<\/p>\n<p>Die aktive Beteiligung der Ehrenamtlichen mit ihren Interessen und Talenten f\u00fcr und mit den Senioren erm\u00f6glicht erst die Vielfalt und das breite Spektrum an Angeboten in den Treffpunkten. Ehrenamtliche Helferinnen und Helfer k\u00f6nnen nicht nur die Aktivit\u00e4ten bereichern, sondern auch neue Impulse und Ideen einbringen, um den Verein weiterzuentwickeln. Ob Jung oder Alt, Neuling oder erfahrener Vereinsfreund hier z\u00e4hlt die gemeinsame Leidenschaft f\u00fcr eine lebendige Gemeinschaft.<\/p>\n<p>Der Vorsitzende des Vereins, Heiko L\u00fcdke (46), betont die Bedeutung des Ehrenamts: <strong>&#8220;Unsere Gemeinschaft lebt von der Mitgestaltung durch engagierte Menschen. Jeder kann einen Beitrag leisten und dabei helfen, unsere Vision von einem lebendigen und vielf\u00e4ltigen Freizeitangebot zu verwirklichen. Wir freuen uns auf neue Gesichter, frische Ideen und vor allem auf die positive Energie, die durch gemeinsames Tun entsteht. Der LAB legt gro\u00dfen Wert auf Vielfalt und Offenheit. Jeder, unabh\u00e4ngig von Alter oder Erfahrung, ist willkommen, sich einzubringen\u201c.<\/strong><\/p>\n<p>Der LAB blickt voller Vorfreude auf die kommenden gemeinsamen Aktivit\u00e4ten und hofft auf zahlreiche Unterst\u00fctzung. Gemeinsam kann Gro\u00dfartiges geschaffen werden, und jeder, der sich engagieren m\u00f6chte, ist herzlich willkommen.<\/p>\n<p>Wir suchen z.B.: Treffpunktleitungen in Fuhlsb\u00fcttel, Gro\u00df Borstel, M\u00fcmmelmannsberg, und Schatzmeister in Hamm. Wir suchen auch immer Treffpunktmitarbeiter: z.B. im B\u00fcro oder f\u00fcr Veranstaltungen\/\u00d6ffentlichkeitsarbeit, Gruppenleitungen f\u00fcr vielf\u00e4ltige Aktivit\u00e4ten und f\u00fcr die Gruppenbetreuung.<\/p>\n<p>Interessierte melden sich telefonisch unter 040 55 77 93 80 oder per E-Mail an <a href=\"mailto:info@labhamburg.de\">info@labhamburg.de<\/a>.<\/p>\n<p><u><strong>Wir bieten:<\/strong><\/u><strong>\u00a0 <\/strong><br \/>\nEine kleine Aufwandsentsch\u00e4digung<br \/>\nEinarbeitung und Versicherungsschutz und<br \/>\nAu\u00dferdem gibt es freiwillige Fortbildungsm\u00f6glichkeiten in Zusammenhang mit der Fortbildungs- und Servicestelle f\u00fcr Seniorentreffs der AGFW.<\/p>\n<p><u><strong>Wir suchen zum Beispiel&#8230;<\/strong><\/u><\/p>\n<\/div><\/section>\n<div class=\"flex_column av_one_full  flex_column_div av-zero-column-padding first  avia-builder-el-1  el_after_av_textblock  el_before_av_postcontent  avia-builder-el-last  column-top-margin\" style='border-radius:0px; '><div class='avia-data-table-wrap avia_responsive_table'><table class='avia-table avia-data-table avia-table-1  avia-builder-el-2  avia-builder-el-no-sibling  avia_pricing_default '  itemscope=\"itemscope\" itemtype=\"https:\/\/schema.org\/Table\" ><tbody><tr class='avia-heading-row'><th class=''>Treffpunkt und Kontaktperson&#8230;<\/th><th class=''>Ehrenamtliche (m\/w\/d)<\/th><\/tr><tr class=''><td class=''>LAB Altona<br \/>\nTel.: 39 76 71<br \/>\nFrau Hagemann<br \/>\n(B\u00fcrozeiten: dienstags)<\/td><td class=''>&#8211; B\u00fcrohilfen (m\/w\/d): PC Kenntnisse erforderlich, z.B. 1-2 x w\u00f6chentlich Vor-oder Nachmittags<\/p>\n<p>&#8211; Organisator (m\/w\/d): f\u00fcr die Planung und Durchf\u00fchrung von Veranstaltungen und neuen Angeboten<\/p>\n<p>-Stellvertretende Treffpunktleitung (m\/w\/d), Computerkenntnisse erforderlich<\/p>\n<p>&#8211; Treffpunkthilfen (m\/w\/d) &#8211; Gruppenbetreuungen f\u00fcr diverse Angebote in allen Bereichen: Spiele,<br \/>\n<\/td><\/tr><tr class=''><td class=''>LAB Eimsb\u00fcttel (Hamburg-Haus)<br \/>\nAufgrund der Bauma\u00dfnahme im HH-Haus \u00fcber die Gesch\u00e4ftsstelle<br \/>\nTel.: 55 77 93 80<br \/>\nFrau Amado\/Frau Wagner<br \/>\n<\/td><td class=''>&#8211; Schatzmeister (m\/w\/d) f\u00fcr die vorbreitende Buchhaltung im Treffpunkt (Kassenbuch, Mitgliederverwaltung, Haushaltskontrolle). Erfahrung im Bereich Buchhaltung w\u00e4ren von Vorteil<\/p>\n<p>&#8211; Gruppenleitungen (m\/w\/d) gesucht f\u00fcr<br \/>\n&#8211; eine Spielegruppe<br \/>\n&#8211; f\u00fcr eine Gespr\u00e4chsgruppe<br \/>\n&#8211; f\u00fcr die Planung von Aktivit\u00e4ten z.B. gemeinsame Spazierg\u00e4nge oder Ausfl\u00fcge<br \/>\n&#8211;  f\u00fcr den Bereich LGBTQI+<br \/>\n&#8211; f\u00fcr einer Geselligkeitsgruppe mit Kaffee und Kuchen oder Fr\u00fchst\u00fcck<br \/>\n&#8211; f\u00fcr Sprachgruppen allg. oder Konversation in einer Fremdsprache <\/p>\n<p>&#8211; Kursleitung Schach-Lehrer*in (m\/w\/d)<\/p>\n<p>&#8211; Kursleitung Bridge-Lehrer*in (m\/w\/d)<\/p>\n<p>&#8211; Organisationsperlen allg. (m\/w\/d) f\u00fcr die Unterst\u00fctzung der Treffpunktleitung im Orgabereich und Kooperation mit den anderen LAB Treffpunkte oder Akteuren im Quartier <\/p>\n<p><\/td><\/tr><tr class=''><td class=''>LAB Eppendorf<br \/>\nTel.: 50 09 85 90<br \/>\nHerr Tretow<\/td><td class=''>&#8211; B\u00fcrohilfen (m\/w\/d): im Bereich Organisation, \u00d6ffentlichkeitsarbeit und Kurs- bzw. Mitgliederverwaltung (Dienstag und Mittwoch nur am Vormittag)<\/p>\n<p>&#8211; Organisator\/in oder Gruppenleitung (m\/w\/d) f\u00fcr Koch- und Backaktivit\u00e4ten <\/p>\n<p>&#8211; Treffpunkthilfe (m\/w\/d) f\u00fcr \u00d6ffentlichkeitsarbeit und Kommunikation, f\u00fcr die Organsiation von Feiern und Veranstaltungen<\/p>\n<p><\/td><\/tr><tr class=''><td class=''>LAB Fuhlsb\u00fcttel<br \/>\n\u00fcber die Gesch\u00e4ftsstelle<br \/>\nTel.: 55 77 93 80<br \/>\nFrau Amado<\/p>\n<p><\/td><td class=''>&#8211; Ehrenamtliche LEITUNG (m\/w\/d) und Betreuung des Treffpunktes: B\u00fcro- &#038; Computerkenntnisse erforderlich. Anf\u00e4nglicher Zeiteinsatz mind. 3 Tage die Woche <\/p>\n<p>&#8211; Ehrenamtliche stellvertretende Treffpunktleitung (m\/w\/d), Computerkenntnisse erforderlich<\/p>\n<p>&#8211; K\u00fcchenhilfe (m\/w\/d) &#8211; freitags 12 &#8211; 16 Uhr: Kaffee kochen und Kuchen\/Br\u00f6tchen vorbereiten. Unterst\u00fctzung bei Wochenendveranstaltungen<\/p>\n<p>&#8211; Mitarbeiter:in (m\/w\/d) f\u00fcr unser Treffpunktb\u00fcro in Fuhlsb\u00fcttel.  Einmal w\u00f6chentlich ca. sechs Stunden, zun\u00e4chst als Springer:in , nach Einarbeitung evtl.an einem festen Wochentag mit Bereitschaft auch Vertretungen inner- halb des Teams zu \u00fcbernehmen. Computerkenntnisse w\u00e4ren gut, sind aber nicht Bedingung.  <\/p>\n<p><\/td><\/tr><tr class=''><td class=''>LAB Gro\u00df Borstel<br \/>\nTel.: 38 65 21 13<br \/>\nFrau Branco<\/td><td class=''>&#8211; B\u00fcrohilfe (m\/w\/d): PC Kenntnisse erforderlich, z.B. 1-2 x w\u00f6chentlich Vor-oder Nachmittags<\/p>\n<p>&#8211; Organisator:in (m\/w\/d) f\u00fcr die Planung und Durchf\u00fchrung der Ausfl\u00fcge oder einer Wandergruppe<\/p>\n<p>&#8211; Gruppenleitung (m\/w\/d) f\u00fcr ein neues WII Bowling Angebot<\/p>\n<p>&#8211; Organisator:in (m\/w\/d) und Hilfe f\u00fcr Kochveranstaltungen<br \/>\n<\/td><\/tr><tr class=''><td class=''>LAB Hamm<br \/>\nTel.: 21 59 08<br \/>\nFrau Zimmermann<\/td><td class=''>&#8211; B\u00fcrohilfen (m\/w\/d): im Bereich Organisation, \u00d6ffentlichkeitsarbeit und Kurs- bzw. Mitgliederverwaltung, Computerkenntnisse erforderlich<\/p>\n<p>&#8211; Schatzmeister:in (m\/w\/d) f\u00fcr die vorbereitende Buchhaltung im Treffpunkt (Kassenbuch, Mitgliederverwaltung, Haushaltskontrolle). Erfahrung im Bereich Buchhaltung w\u00e4ren von Vorteil<\/p>\n<p>&#8211; Organisator:in (m\/w\/d)f\u00fcr die Planung und Durchf\u00fchrung von Veranstaltungen\/Feiern und neue Angebote<\/p>\n<p>&#8211; Treffpunkthilfen (m\/w\/d)<br \/>\n<\/td><\/tr><tr class=''><td class=''>LAB Lokstedt<br \/>\nTel.: 58 43 82<br \/>\nFrau Wetzel<\/td><td class=''>&#8211; B\u00fcrohilfen (m\/w\/d): F\u00fcr leichte B\u00fcroarbeit, Beratung und Betreuung der Mitglieder, Kursteilnehmer und Besucher, Zeiten nach Absprache mit der Treffpunktleitung<br \/>\nMontags alle 14 Tage im Wechsel von 10.30-14.00 Uhr<br \/>\nDienstags von 9.30 &#8211; 13.30 Uhr oder 13.30 &#8211; 17.30 Uhr <\/p>\n<p>&#8211; Gruppenleitung f\u00fcr Spielenachmittag (m\/w\/d): jeden 1. Sonntag im Monat von 14.00-17.00 Uhr.<\/p>\n<p>&#8211; Kursleitung Ged\u00e4chtnistraining (m\/w\/d)<\/p>\n<p><\/td><\/tr><tr class=''><td class=''>LAB St. Pauli<br \/>\nTel.: 43 55 45<br \/>\nHerr Lohse<\/td><td class=''>&#8211; Stellvertretende Treffpunktleitung (m\/w\/d), Computerkenntnisse erforderlich<\/p>\n<p>&#8211; B\u00fcrohilfen (m\/w\/d) <\/p>\n<p>&#8211; Organisator:in oder Gruppenleitung (m\/w\/d) f\u00fcr Koch- und Backaktivit\u00e4ten<br \/>\n <\/td><\/tr><tr class=''><td class=''>LAB St. Georg,<br \/>\nTel.: 24 14 90<br \/>\nFrau Witsch<\/td><td class=''>&#8211; Momentan sind wir gut aufgestellt, aber ehrenamtliche Gruppenleitungen mit interessanten neuen Ideen sind immer willkommen. Sprechen Sie uns gern an!<\/td><\/tr><\/tbody><\/table><\/div><style type='text\/css'>.avia-table-1 td:nth-of-type(1):before { content: 'Treffpunkt und Kontaktperson\u2026'; } .avia-table-1 td:nth-of-type(2):before { content: 'Ehrenamtliche (m\/w\/d)'; } <\/style><\/div>[av_section min_height='' min_height_pc='25' min_height_px='500px' padding='no-padding' custom_margin='0px' custom_margin_sync='true' color='header_color' background='bg_color' custom_bg='transparent' background_gradient_color1='' background_gradient_color2='' background_gradient_direction='vertical' src='https:\/\/labhamburg.de\/wp\/wp-content\/uploads\/2020\/02\/wave_gold-5.png' attachment='1657' attachment_size='full' attach='scroll' position='top left' repeat='stretch' video='' video_ratio='16:9' overlay_opacity='0.1' overlay_color='' overlay_pattern='custom' overlay_custom_pattern='' shadow='no-border-styling' bottom_border='no-border-styling' bottom_border_diagonal_color='#333333' bottom_border_diagonal_direction='' bottom_border_style='' custom_arrow_bg='' id='' custom_class='' aria_label='' av_element_hidden_in_editor='0' av_uid='av-k0okxlds'][\/av_section]\r\n\r\n<\/p>\n","protected":false},"excerpt":{"rendered":"","protected":false},"author":1,"featured_media":0,"parent":0,"menu_order":0,"comment_status":"closed","ping_status":"open","template":"","meta":{"footnotes":""},"class_list":["post-745","page","type-page","status-publish","hentry"],"_links":{"self":[{"href":"https:\/\/labhamburg.de\/index.php?rest_route=\/wp\/v2\/pages\/745","targetHints":{"allow":["GET"]}}],"collection":[{"href":"https:\/\/labhamburg.de\/index.php?rest_route=\/wp\/v2\/pages"}],"about":[{"href":"https:\/\/labhamburg.de\/index.php?rest_route=\/wp\/v2\/types\/page"}],"author":[{"embeddable":true,"href":"https:\/\/labhamburg.de\/index.php?rest_route=\/wp\/v2\/users\/1"}],"replies":[{"embeddable":true,"href":"https:\/\/labhamburg.de\/index.php?rest_route=%2Fwp%2Fv2%2Fcomments&post=745"}],"version-history":[{"count":106,"href":"https:\/\/labhamburg.de\/index.php?rest_route=\/wp\/v2\/pages\/745\/revisions"}],"predecessor-version":[{"id":10351,"href":"https:\/\/labhamburg.de\/index.php?rest_route=\/wp\/v2\/pages\/745\/revisions\/10351"}],"wp:attachment":[{"href":"https:\/\/labhamburg.de\/index.php?rest_route=%2Fwp%2Fv2%2Fmedia&parent=745"}],"curies":[{"name":"wp","href":"https:\/\/api.w.org\/{rel}","templated":true}]}}