{"id":7910,"date":"2025-01-10T12:34:44","date_gmt":"2025-01-10T11:34:44","guid":{"rendered":"https:\/\/labhamburg.de\/?page_id=7910"},"modified":"2025-04-11T10:04:04","modified_gmt":"2025-04-11T08:04:04","slug":"spenden","status":"publish","type":"page","link":"https:\/\/labhamburg.de\/?page_id=7910","title":{"rendered":"Spenden"},"content":{"rendered":"<section class=\"av_textblock_section \"  itemscope=\"itemscope\" itemtype=\"https:\/\/schema.org\/CreativeWork\" ><div class='avia_textblock  '   itemprop=\"text\" ><h1>Spenden<\/h1>\n<p>Wir freuen uns sehr, dass Sie unsere Arbeit mit einer Geldspende unterst\u00fctzen m\u00f6chten und bedanken uns herzlich daf\u00fcr.<\/p>\n<p>Sie k\u00f6nnen uns gerne im \u201eVerwendungszweck\u201c der \u00dcberweisung mitteilen, wenn ihre Spende f\u00fcr einen einzelnen Treffpunkt (Bsp: \u201eLAB Altona\u201c) oder f\u00fcr ein bestimmtes Projekt innerhalb des LAB verwendet werden soll.<\/p>\n<p>Unsere Bankdaten f\u00fcr Ihre Spende:<\/p>\n<p><strong>Lange Aktiv Bleiben (LAB)<\/strong><br \/>\n<strong> Landesverband Hamburg e.V.<\/strong><br \/>\n<strong> Hamburger Sparkasse<\/strong><br \/>\n<strong> IBAN: DE 89 200 505 50 1025 21 04 42<\/strong><br \/>\n<strong> BIC: HASPDEHHXXX<\/strong><\/p>\n<p>Spenden sind steuerlich absetzbar.<br \/>\nW\u00fcnschen Sie eine Spendenbescheinigung, schicken wir Ihnen gerne eine Quittung zu.<br \/>\nIn diesem Fall senden Sie uns bitte eine eMail an: <a href=\"mailto:info@labhamburg.de\">info@labhamburg.de<\/a> mit ihrem Namen und ihrer Adresse.<\/p>\n<\/div><\/section>\n","protected":false},"excerpt":{"rendered":"","protected":false},"author":1,"featured_media":0,"parent":0,"menu_order":0,"comment_status":"closed","ping_status":"closed","template":"","meta":{"footnotes":""},"class_list":["post-7910","page","type-page","status-publish","hentry"],"_links":{"self":[{"href":"https:\/\/labhamburg.de\/index.php?rest_route=\/wp\/v2\/pages\/7910","targetHints":{"allow":["GET"]}}],"collection":[{"href":"https:\/\/labhamburg.de\/index.php?rest_route=\/wp\/v2\/pages"}],"about":[{"href":"https:\/\/labhamburg.de\/index.php?rest_route=\/wp\/v2\/types\/page"}],"author":[{"embeddable":true,"href":"https:\/\/labhamburg.de\/index.php?rest_route=\/wp\/v2\/users\/1"}],"replies":[{"embeddable":true,"href":"https:\/\/labhamburg.de\/index.php?rest_route=%2Fwp%2Fv2%2Fcomments&post=7910"}],"version-history":[{"count":13,"href":"https:\/\/labhamburg.de\/index.php?rest_route=\/wp\/v2\/pages\/7910\/revisions"}],"predecessor-version":[{"id":8763,"href":"https:\/\/labhamburg.de\/index.php?rest_route=\/wp\/v2\/pages\/7910\/revisions\/8763"}],"wp:attachment":[{"href":"https:\/\/labhamburg.de\/index.php?rest_route=%2Fwp%2Fv2%2Fmedia&parent=7910"}],"curies":[{"name":"wp","href":"https:\/\/api.w.org\/{rel}","templated":true}]}}